{"id":2390,"date":"2025-01-09T17:27:08","date_gmt":"2025-01-09T17:27:08","guid":{"rendered":"https:\/\/proyecto3.cedigital.mx\/?page_id=2390"},"modified":"2025-01-18T01:24:11","modified_gmt":"2025-01-18T01:24:11","slug":"equipos-para-entrega-inmediata","status":"publish","type":"page","link":"https:\/\/proyecto3.cedigital.mx\/index.php\/equipos-para-entrega-inmediata\/","title":{"rendered":"Equipos para entrega inmediata"},"content":{"rendered":"\t\t<div data-elementor-type=\"wp-page\" data-elementor-id=\"2390\" class=\"elementor elementor-2390\" data-elementor-post-type=\"page\">\n\t\t\t\t<div class=\"elementor-element elementor-element-dbf666c e-flex e-con-boxed e-con e-parent\" data-id=\"dbf666c\" data-element_type=\"container\">\n\t\t\t\t\t<div class=\"e-con-inner\">\n\t\t<div class=\"elementor-element elementor-element-53f4210 e-con-full e-flex e-con e-child\" data-id=\"53f4210\" data-element_type=\"container\">\n\t\t\t\t<div class=\"elementor-element elementor-element-f69e70f animated-slow elementor-headline--style-highlight elementor-invisible elementor-widget elementor-widget-animated-headline\" data-id=\"f69e70f\" data-element_type=\"widget\" data-settings=\"{&quot;marker&quot;:&quot;underline&quot;,&quot;highlighted_text&quot;:&quot;vendidos&quot;,&quot;_animation&quot;:&quot;fadeIn&quot;,&quot;_animation_delay&quot;:500,&quot;headline_style&quot;:&quot;highlight&quot;,&quot;loop&quot;:&quot;yes&quot;,&quot;highlight_animation_duration&quot;:1200,&quot;highlight_iteration_delay&quot;:8000}\" data-widget_type=\"animated-headline.default\">\n\t\t\t\t<div class=\"elementor-widget-container\">\n\t\t\t\t\t\t\t<h2 class=\"elementor-headline\">\n\t\t\t\t\t<span class=\"elementor-headline-plain-text elementor-headline-text-wrapper\">Los equipos m\u00e1s<\/span>\n\t\t\t\t<span class=\"elementor-headline-dynamic-wrapper elementor-headline-text-wrapper\">\n\t\t\t\t\t<span class=\"elementor-headline-dynamic-text elementor-headline-text-active\">vendidos<\/span>\n\t\t\t\t<\/span>\n\t\t\t\t<\/h2>\n\t\t\t\t\t\t<\/div>\n\t\t\t\t<\/div>\n\t\t\t\t<div class=\"elementor-element elementor-element-6f73a99 animated-slow elementor-invisible elementor-widget elementor-widget-text-editor\" data-id=\"6f73a99\" data-element_type=\"widget\" data-settings=\"{&quot;_animation&quot;:&quot;fadeIn&quot;,&quot;_animation_delay&quot;:200}\" data-widget_type=\"text-editor.default\">\n\t\t\t\t<div class=\"elementor-widget-container\">\n\t\t\t\t\t\t\t\t\tDescubre nuestra selecci\u00f3n de <strong>martillos hidr\u00e1ulicos<\/strong> y <strong>empacadoras de forraje<\/strong>, los equipos m\u00e1s solicitados por su rendimiento y eficiencia. Dise\u00f1ados para satisfacer las necesidades de construcci\u00f3n y agricultura, estos productos destacan por su durabilidad y calidad. Adem\u00e1s, contamos con entrega inmediata para que puedas iniciar tus proyectos sin demora.\t\t\t\t\t\t\t\t<\/div>\n\t\t\t\t<\/div>\n\t\t\t\t<\/div>\n\t\t\t\t\t<\/div>\n\t\t\t\t<\/div>\n\t\t<div class=\"elementor-element elementor-element-7476806 e-flex e-con-boxed e-con e-parent\" data-id=\"7476806\" data-element_type=\"container\">\n\t\t\t\t\t<div class=\"e-con-inner\">\n\t\t<div class=\"elementor-element elementor-element-279451b e-con-full e-flex e-con e-child\" data-id=\"279451b\" data-element_type=\"container\" data-settings=\"{&quot;background_background&quot;:&quot;video&quot;,&quot;background_video_link&quot;:&quot;https:\\\/\\\/proyecto3.cedigital.mx\\\/wp-content\\\/uploads\\\/2025\\\/01\\\/az_movimiento_martillos_hidraulicos_inmediatos.mp4&quot;,&quot;background_play_on_mobile&quot;:&quot;yes&quot;}\">\n\t\t<div class=\"elementor-background-video-container\">\n\t\t\t\t\t\t\t<video class=\"elementor-background-video-hosted\" autoplay muted playsinline loop><\/video>\n\t\t\t\t\t<\/div>\t\t<\/div>\n\t\t<div class=\"elementor-element elementor-element-df4def1 e-con-full e-flex e-con e-child\" data-id=\"df4def1\" data-element_type=\"container\">\n\t\t\t\t<div class=\"elementor-element elementor-element-ebc183c elementor-widget__width-initial elementor-widget-mobile__width-inherit animated-slow elementor-invisible elementor-widget elementor-widget-heading\" data-id=\"ebc183c\" data-element_type=\"widget\" data-settings=\"{&quot;_animation&quot;:&quot;fadeIn&quot;,&quot;_animation_delay&quot;:500}\" data-widget_type=\"heading.default\">\n\t\t\t\t<div class=\"elementor-widget-container\">\n\t\t\t\t\t<h2 class=\"elementor-heading-title elementor-size-default\">Martillos hidr\u00e1ulicos<\/h2>\t\t\t\t<\/div>\n\t\t\t\t<\/div>\n\t\t\t\t<div class=\"elementor-element elementor-element-d7b4cb5 elementor-align-left animated-slow elementor-mobile-align-justify elementor-invisible elementor-widget elementor-widget-button\" data-id=\"d7b4cb5\" data-element_type=\"widget\" data-settings=\"{&quot;_animation&quot;:&quot;fadeIn&quot;,&quot;_animation_delay&quot;:600}\" data-widget_type=\"button.default\">\n\t\t\t\t<div class=\"elementor-widget-container\">\n\t\t\t\t\t\t\t\t\t<div class=\"elementor-button-wrapper\">\n\t\t\t\t\t<a class=\"elementor-button elementor-button-link elementor-size-sm elementor-animation-pulse\" href=\"#whatsapp\">\n\t\t\t\t\t\t<span class=\"elementor-button-content-wrapper\">\n\t\t\t\t\t\t<span class=\"elementor-button-icon\">\n\t\t\t\t<svg aria-hidden=\"true\" class=\"e-font-icon-svg e-fas-bolt\" viewBox=\"0 0 320 512\" xmlns=\"http:\/\/www.w3.org\/2000\/svg\"><path d=\"M296 160H180.6l42.6-129.8C227.2 15 215.7 0 200 0H56C44 0 33.8 8.9 32.2 20.8l-32 240C-1.7 275.2 9.5 288 24 288h118.7L96.6 482.5c-3.6 15.2 8 29.5 23.3 29.5 8.4 0 16.4-4.4 20.8-12l176-304c9.3-15.9-2.2-36-20.7-36z\"><\/path><\/svg>\t\t\t<\/span>\n\t\t\t\t\t\t\t\t\t<span class=\"elementor-button-text\">\u00a1Disponibles hoy mismo!<\/span>\n\t\t\t\t\t<\/span>\n\t\t\t\t\t<\/a>\n\t\t\t\t<\/div>\n\t\t\t\t\t\t\t\t<\/div>\n\t\t\t\t<\/div>\n\t\t\t\t<div class=\"elementor-element elementor-element-55e5d1b elementor-widget elementor-widget-html\" data-id=\"55e5d1b\" data-element_type=\"widget\" data-widget_type=\"html.default\">\n\t\t\t\t<div class=\"elementor-widget-container\">\n\t\t\t\t\t<style>\n    tr:hover {background-color: #F2F6F8;}\n    table{\n        text-align: left;\n    }\n    th {\n        background: #c8d1d5;}\n    a{\n       color: #fb5405;\n       text-decoration: none !important;\n    }\n    a:hover{\n        color:#19232a;\n    }\n<\/style>\n\n<table border=\"1\">\n  <thead>\n    <tr>\n      <th>MARCA<\/th>\n      <th>MODELO<\/th>\n      <th><\/th>\n    <\/tr>\n  <\/thead>\n  <tbody>\n    <tr>\n      <td>EDDIE<\/td>\n      <td><b><a href=\"https:\/\/proyecto3.cedigital.mx\/index.php\/producto\/eddie80\/\">EDDIE80<\/a><\/b><\/td>\n      <td>para Retroexcavadora Cat416, Case580, JD310<\/td>\n    <\/tr>\n    <tr>\n      <td>EDDIE<\/td>\n      <td><b><a href=\"https:\/\/proyecto3.cedigital.mx\/index.php\/producto\/eddie140a\/\">EDDIE140A<\/a><\/b><\/td>\n      <td>para Excavadora Cat320-25<\/td>\n    <\/tr>\n    <tr>\n      <td>EDDIE<\/td>\n      <td><b><a href=\"https:\/\/proyecto3.cedigital.mx\/index.php\/producto\/eddie165\/\">EDDIE165<\/a><\/b><\/td>\n      <td>para Excavadora Cat336<\/td>\n    <\/tr>\n    <tr>\n      <td>RENO<\/td>\n      <td><b><a href=\"https:\/\/proyecto3.cedigital.mx\/index.php\/producto\/az75\/\">AZ75<\/a><\/b><\/td>\n      <td>para Retroexcavadora Cat416, Case580, JD310<\/td>\n    <\/tr>\n    <tr>\n      <td>RENO<\/td>\n      <td><b><a href=\"https:\/\/proyecto3.cedigital.mx\/index.php\/producto\/az140a\/\">AZ140<\/a><\/b><\/td>\n      <td>para Excavadora Cat320-25<\/td>\n    <\/tr>\n  <\/tbody>\n<\/table>\n\t\t\t\t<\/div>\n\t\t\t\t<\/div>\n\t\t\t\t<\/div>\n\t\t\t\t\t<\/div>\n\t\t\t\t<\/div>\n\t\t<div class=\"elementor-element elementor-element-b8e6837 e-flex e-con-boxed e-con e-parent\" data-id=\"b8e6837\" data-element_type=\"container\">\n\t\t\t\t\t<div class=\"e-con-inner\">\n\t\t<div class=\"elementor-element elementor-element-2e20447 e-con-full e-flex e-con e-child\" data-id=\"2e20447\" data-element_type=\"container\">\n\t\t\t\t<div class=\"elementor-element elementor-element-4672d18 elementor-widget__width-initial elementor-widget-mobile__width-inherit animated-slow elementor-invisible elementor-widget elementor-widget-heading\" data-id=\"4672d18\" data-element_type=\"widget\" data-settings=\"{&quot;_animation&quot;:&quot;fadeIn&quot;,&quot;_animation_delay&quot;:500}\" data-widget_type=\"heading.default\">\n\t\t\t\t<div class=\"elementor-widget-container\">\n\t\t\t\t\t<h2 class=\"elementor-heading-title elementor-size-default\">Empacadoras y envolvedoras<\/h2>\t\t\t\t<\/div>\n\t\t\t\t<\/div>\n\t\t\t\t<div class=\"elementor-element elementor-element-f7bc533 elementor-align-left animated-slow elementor-mobile-align-justify elementor-invisible elementor-widget elementor-widget-button\" data-id=\"f7bc533\" data-element_type=\"widget\" data-settings=\"{&quot;_animation&quot;:&quot;fadeIn&quot;,&quot;_animation_delay&quot;:600}\" data-widget_type=\"button.default\">\n\t\t\t\t<div class=\"elementor-widget-container\">\n\t\t\t\t\t\t\t\t\t<div class=\"elementor-button-wrapper\">\n\t\t\t\t\t<a class=\"elementor-button elementor-button-link elementor-size-sm elementor-animation-pulse\" href=\"#whatsapp\">\n\t\t\t\t\t\t<span class=\"elementor-button-content-wrapper\">\n\t\t\t\t\t\t<span class=\"elementor-button-icon\">\n\t\t\t\t<svg aria-hidden=\"true\" class=\"e-font-icon-svg e-fas-bolt\" viewBox=\"0 0 320 512\" xmlns=\"http:\/\/www.w3.org\/2000\/svg\"><path d=\"M296 160H180.6l42.6-129.8C227.2 15 215.7 0 200 0H56C44 0 33.8 8.9 32.2 20.8l-32 240C-1.7 275.2 9.5 288 24 288h118.7L96.6 482.5c-3.6 15.2 8 29.5 23.3 29.5 8.4 0 16.4-4.4 20.8-12l176-304c9.3-15.9-2.2-36-20.7-36z\"><\/path><\/svg>\t\t\t<\/span>\n\t\t\t\t\t\t\t\t\t<span class=\"elementor-button-text\">\u00a1Disponibles hoy mismo!<\/span>\n\t\t\t\t\t<\/span>\n\t\t\t\t\t<\/a>\n\t\t\t\t<\/div>\n\t\t\t\t\t\t\t\t<\/div>\n\t\t\t\t<\/div>\n\t\t\t\t<div class=\"elementor-element elementor-element-bbdfc41 elementor-widget elementor-widget-html\" data-id=\"bbdfc41\" data-element_type=\"widget\" data-widget_type=\"html.default\">\n\t\t\t\t<div class=\"elementor-widget-container\">\n\t\t\t\t\t<style>\n    tr:hover {background-color: #F2F6F8;}\n    table{\n        text-align: left;\n    }\n    th {\n        background: #c8d1d5;}\n    a{\n       color: #fb5405;\n       text-decoration: none !important;\n    }\n    a:hover{\n        color:#19232a;\n    }\n<\/style>\n\n<table border=\"1\">\n  <thead>\n    <tr>\n      <th>MARCA<\/th>\n      <th>MODELO<\/th>\n      <th><\/th>\n    <\/tr>\n  <\/thead>\n  <tbody>\n    <tr>\n      <td>JUMMOS<\/td>\n      <td nowrap><b><a href=\"https:\/\/proyecto3.cedigital.mx\/index.php\/producto\/az-emf024\/\">AZ-EMF024<\/a><\/b><\/td>\n      <td>M\u00e1quina autom\u00e1tica para empacar y envolver ensilado de ma\u00edz y\/o forraje. El rango de peso de la paca es de 40-90 kg.<\/td>\n    <\/tr>\n    <tr>\n      <td>JUMMOS<\/td>\n      <td nowrap><b><a href=\"https:\/\/proyecto3.cedigital.mx\/index.php\/producto\/empacadora-y-envolvedora-de-silo\/\">AZ-9YCL1.15<\/a><\/b><\/td>\n      <td>Equipo automatizado dise\u00f1ado para empacar y envolver ensilado de ma\u00edz y forraje, con capacidad para producir pacas que var\u00edan entre 800 y 1,000 kg.<\/td>\n    <\/tr>\n\n  <\/tbody>\n<\/table>\n\t\t\t\t<\/div>\n\t\t\t\t<\/div>\n\t\t\t\t<\/div>\n\t\t<div class=\"elementor-element elementor-element-a809e97 e-con-full e-flex e-con e-child\" data-id=\"a809e97\" data-element_type=\"container\" data-settings=\"{&quot;background_background&quot;:&quot;video&quot;,&quot;background_video_link&quot;:&quot;https:\\\/\\\/proyecto3.cedigital.mx\\\/wp-content\\\/uploads\\\/2025\\\/01\\\/Empacadora-y-envolvedora-de-forraje.mp4&quot;,&quot;background_play_on_mobile&quot;:&quot;yes&quot;}\">\n\t\t<div class=\"elementor-background-video-container\">\n\t\t\t\t\t\t\t<video class=\"elementor-background-video-hosted\" autoplay muted playsinline loop><\/video>\n\t\t\t\t\t<\/div>\t\t<\/div>\n\t\t\t\t\t<\/div>\n\t\t\t\t<\/div>\n\t\t<div class=\"elementor-element elementor-element-e5b0336 e-con-full e-flex e-con e-parent\" data-id=\"e5b0336\" data-element_type=\"container\" data-settings=\"{&quot;background_background&quot;:&quot;classic&quot;}\">\n\t\t<div class=\"elementor-element elementor-element-9a54685 e-flex e-con-boxed e-con e-child\" data-id=\"9a54685\" data-element_type=\"container\">\n\t\t\t\t\t<div class=\"e-con-inner\">\n\t\t\t\t<div class=\"elementor-element elementor-element-981a7dc elementor-widget elementor-widget-text-editor\" data-id=\"981a7dc\" data-element_type=\"widget\" data-widget_type=\"text-editor.default\">\n\t\t\t\t<div class=\"elementor-widget-container\">\n\t\t\t\t\t\t\t\t\tEspecialistas en equipos para demolici\u00f3n y aditamentos hidr\u00e1ulicos\t\t\t\t\t\t\t\t<\/div>\n\t\t\t\t<\/div>\n\t\t\t\t<div class=\"elementor-element elementor-element-ea1681d elementor-align-center elementor-widget elementor-widget-button\" data-id=\"ea1681d\" data-element_type=\"widget\" data-widget_type=\"button.default\">\n\t\t\t\t<div class=\"elementor-widget-container\">\n\t\t\t\t\t\t\t\t\t<div class=\"elementor-button-wrapper\">\n\t\t\t\t\t<a class=\"elementor-button elementor-button-link elementor-size-sm\" href=\"https:\/\/proyecto3.cedigital.mx\/index.php\/contacto\/#asesores\">\n\t\t\t\t\t\t<span class=\"elementor-button-content-wrapper\">\n\t\t\t\t\t\t<span class=\"elementor-button-icon\">\n\t\t\t\t<svg aria-hidden=\"true\" class=\"e-font-icon-svg e-fas-comments\" viewBox=\"0 0 576 512\" xmlns=\"http:\/\/www.w3.org\/2000\/svg\"><path d=\"M416 192c0-88.4-93.1-160-208-160S0 103.6 0 192c0 34.3 14.1 65.9 38 92-13.4 30.2-35.5 54.2-35.8 54.5-2.2 2.3-2.8 5.7-1.5 8.7S4.8 352 8 352c36.6 0 66.9-12.3 88.7-25 32.2 15.7 70.3 25 111.3 25 114.9 0 208-71.6 208-160zm122 220c23.9-26 38-57.7 38-92 0-66.9-53.5-124.2-129.3-148.1.9 6.6 1.3 13.3 1.3 20.1 0 105.9-107.7 192-240 192-10.8 0-21.3-.8-31.7-1.9C207.8 439.6 281.8 480 368 480c41 0 79.1-9.2 111.3-25 21.8 12.7 52.1 25 88.7 25 3.2 0 6.1-1.9 7.3-4.8 1.3-2.9.7-6.3-1.5-8.7-.3-.3-22.4-24.2-35.8-54.5z\"><\/path><\/svg>\t\t\t<\/span>\n\t\t\t\t\t\t\t\t\t<span class=\"elementor-button-text\">Consulta tus dudas con uno de nuestros asesores<\/span>\n\t\t\t\t\t<\/span>\n\t\t\t\t\t<\/a>\n\t\t\t\t<\/div>\n\t\t\t\t\t\t\t\t<\/div>\n\t\t\t\t<\/div>\n\t\t\t\t\t<\/div>\n\t\t\t\t<\/div>\n\t\t\t\t<\/div>\n\t\t\t\t<\/div>\n\t\t","protected":false},"excerpt":{"rendered":"<p>Los equipos m\u00e1s vendidos Descubre nuestra selecci\u00f3n de martillos hidr\u00e1ulicos y empacadoras de forraje, los equipos m\u00e1s solicitados por su [&hellip;]<\/p>\n","protected":false},"author":1,"featured_media":0,"parent":0,"menu_order":0,"comment_status":"closed","ping_status":"closed","template":"","meta":{"site-sidebar-layout":"no-sidebar","site-content-layout":"","ast-site-content-layout":"full-width-container","site-content-style":"default","site-sidebar-style":"default","ast-global-header-display":"","ast-banner-title-visibility":"","ast-main-header-display":"","ast-hfb-above-header-display":"","ast-hfb-below-header-display":"","ast-hfb-mobile-header-display":"","site-post-title":"disabled","ast-breadcrumbs-content":"","ast-featured-img":"disabled","footer-sml-layout":"","theme-transparent-header-meta":"","adv-header-id-meta":"","stick-header-meta":"","header-above-stick-meta":"","header-main-stick-meta":"","header-below-stick-meta":"","astra-migrate-meta-layouts":"default","ast-page-background-enabled":"default","ast-page-background-meta":{"desktop":{"background-color":"var(--ast-global-color-4)","background-image":"","background-repeat":"repeat","background-position":"center center","background-size":"auto","background-attachment":"scroll","background-type":"","background-media":"","overlay-type":"","overlay-color":"","overlay-opacity":"","overlay-gradient":""},"tablet":{"background-color":"","background-image":"","background-repeat":"repeat","background-position":"center center","background-size":"auto","background-attachment":"scroll","background-type":"","background-media":"","overlay-type":"","overlay-color":"","overlay-opacity":"","overlay-gradient":""},"mobile":{"background-color":"","background-image":"","background-repeat":"repeat","background-position":"center center","background-size":"auto","background-attachment":"scroll","background-type":"","background-media":"","overlay-type":"","overlay-color":"","overlay-opacity":"","overlay-gradient":""}},"ast-content-background-meta":{"desktop":{"background-color":"var(--ast-global-color-5)","background-image":"","background-repeat":"repeat","background-position":"center center","background-size":"auto","background-attachment":"scroll","background-type":"","background-media":"","overlay-type":"","overlay-color":"","overlay-opacity":"","overlay-gradient":""},"tablet":{"background-color":"var(--ast-global-color-5)","background-image":"","background-repeat":"repeat","background-position":"center center","background-size":"auto","background-attachment":"scroll","background-type":"","background-media":"","overlay-type":"","overlay-color":"","overlay-opacity":"","overlay-gradient":""},"mobile":{"background-color":"var(--ast-global-color-5)","background-image":"","background-repeat":"repeat","background-position":"center center","background-size":"auto","background-attachment":"scroll","background-type":"","background-media":"","overlay-type":"","overlay-color":"","overlay-opacity":"","overlay-gradient":""}},"footnotes":"","_joinchat":[]},"_links":{"self":[{"href":"https:\/\/proyecto3.cedigital.mx\/index.php\/wp-json\/wp\/v2\/pages\/2390"}],"collection":[{"href":"https:\/\/proyecto3.cedigital.mx\/index.php\/wp-json\/wp\/v2\/pages"}],"about":[{"href":"https:\/\/proyecto3.cedigital.mx\/index.php\/wp-json\/wp\/v2\/types\/page"}],"author":[{"embeddable":true,"href":"https:\/\/proyecto3.cedigital.mx\/index.php\/wp-json\/wp\/v2\/users\/1"}],"replies":[{"embeddable":true,"href":"https:\/\/proyecto3.cedigital.mx\/index.php\/wp-json\/wp\/v2\/comments?post=2390"}],"version-history":[{"count":121,"href":"https:\/\/proyecto3.cedigital.mx\/index.php\/wp-json\/wp\/v2\/pages\/2390\/revisions"}],"predecessor-version":[{"id":2581,"href":"https:\/\/proyecto3.cedigital.mx\/index.php\/wp-json\/wp\/v2\/pages\/2390\/revisions\/2581"}],"wp:attachment":[{"href":"https:\/\/proyecto3.cedigital.mx\/index.php\/wp-json\/wp\/v2\/media?parent=2390"}],"curies":[{"name":"wp","href":"https:\/\/api.w.org\/{rel}","templated":true}]}}