{"id":1111,"date":"2024-12-16T23:43:11","date_gmt":"2024-12-16T23:43:11","guid":{"rendered":"https:\/\/proyecto3.cedigital.mx\/?post_type=product&#038;p=1111"},"modified":"2024-12-19T19:16:44","modified_gmt":"2024-12-19T19:16:44","slug":"empacadora-y-envolvedora-de-silo","status":"publish","type":"product","link":"https:\/\/proyecto3.cedigital.mx\/index.php\/producto\/empacadora-y-envolvedora-de-silo\/","title":{"rendered":"Empacadora y envolvedora de silo"},"content":{"rendered":"<p>M\u00e1quina autom\u00e1tica para empacar y envolver ensilado de ma\u00edz y\/o forraje, con malla de hilo de alta resistencia y membrana pl\u00e1stica de sellado herm\u00e9tico que preserva su valor nutricional. El proceso comprende el amasado, formaci\u00f3n y envoltura, con encapsulado de alta densidad que permite la conservaci\u00f3n, mantenimiento y promoci\u00f3n de la fermentaci\u00f3n.<\/p>\n<p><strong>ESPECIFICACIONES<\/strong><br \/>\n<strong>Peso total:<\/strong> 9,200 kg<br \/>\n<strong>Estructura del mecanismo de recubrimiento:<\/strong> Tipo brazo en espiral<br \/>\n<strong>Motor el\u00e9ctrico, tractor:<\/strong> \u226575 kW, velocidad: 850 r\/min<br \/>\n<strong>Dimensiones de pel\u00edcula pl\u00e1stica:<\/strong> 1,280 mm x 16 \u03bcm x 2,000 mm<br \/>\n<strong>Dimensiones de malla:<\/strong> 1,230 mm x 2,000 mm<br \/>\n<strong>Dimensiones:<\/strong> 10,850 x 3,085 x 4,050 mm<br \/>\n<strong>Estructura de empacadora:<\/strong> Rodillo fijo (17), con sistema de correa.<\/p>\n<p><strong>PAR\u00c1METROS DE LA PACA<\/strong><br \/>\n<strong>Densidad:<\/strong> 650~800 kg\/m\u00b3 (65%-70% agua)<br \/>\n<strong>Rango de peso:<\/strong> 800 &#8211; 1,000 kg<br \/>\n<strong>Dimensiones:<\/strong> \u03a61,150 mm x 1200L \u00b150 mm<br \/>\n<strong>Capacidad de producci\u00f3n:<\/strong> 40 &#8211; 50 pacas\/hora<\/p>\n","protected":false},"excerpt":{"rendered":"<p><a href=\"https:\/\/proyecto3.cedigital.mx\/wp-content\/uploads\/2024\/12\/9QYG_1_5_empacadora_envolvedora_silo.pdf\" target=\"_blank\" rel=\"noopener\"> <i class=\"fa fa-arrow-circle-down\"><\/i> Descargar ficha t\u00e9cnica<\/a><\/p>\n","protected":false},"featured_media":1276,"comment_status":"open","ping_status":"closed","template":"","meta":{"site-sidebar-layout":"default","site-content-layout":"","ast-site-content-layout":"default","site-content-style":"default","site-sidebar-style":"default","ast-global-header-display":"","ast-banner-title-visibility":"","ast-main-header-display":"","ast-hfb-above-header-display":"","ast-hfb-below-header-display":"","ast-hfb-mobile-header-display":"","site-post-title":"","ast-breadcrumbs-content":"","ast-featured-img":"","footer-sml-layout":"","theme-transparent-header-meta":"default","adv-header-id-meta":"","stick-header-meta":"","header-above-stick-meta":"","header-main-stick-meta":"","header-below-stick-meta":"","astra-migrate-meta-layouts":"set","ast-page-background-enabled":"default","ast-page-background-meta":{"desktop":{"background-color":"var(--ast-global-color-4)","background-image":"","background-repeat":"repeat","background-position":"center center","background-size":"auto","background-attachment":"scroll","background-type":"","background-media":"","overlay-type":"","overlay-color":"","overlay-opacity":"","overlay-gradient":""},"tablet":{"background-color":"","background-image":"","background-repeat":"repeat","background-position":"center center","background-size":"auto","background-attachment":"scroll","background-type":"","background-media":"","overlay-type":"","overlay-color":"","overlay-opacity":"","overlay-gradient":""},"mobile":{"background-color":"","background-image":"","background-repeat":"repeat","background-position":"center center","background-size":"auto","background-attachment":"scroll","background-type":"","background-media":"","overlay-type":"","overlay-color":"","overlay-opacity":"","overlay-gradient":""}},"ast-content-background-meta":{"desktop":{"background-color":"var(--ast-global-color-5)","background-image":"","background-repeat":"repeat","background-position":"center center","background-size":"auto","background-attachment":"scroll","background-type":"","background-media":"","overlay-type":"","overlay-color":"","overlay-opacity":"","overlay-gradient":""},"tablet":{"background-color":"var(--ast-global-color-5)","background-image":"","background-repeat":"repeat","background-position":"center center","background-size":"auto","background-attachment":"scroll","background-type":"","background-media":"","overlay-type":"","overlay-color":"","overlay-opacity":"","overlay-gradient":""},"mobile":{"background-color":"var(--ast-global-color-5)","background-image":"","background-repeat":"repeat","background-position":"center center","background-size":"auto","background-attachment":"scroll","background-type":"","background-media":"","overlay-type":"","overlay-color":"","overlay-opacity":"","overlay-gradient":""}},"_joinchat":{"message_send":"\u00a1Hola AZ! Me interesa m\u00e1s informaci\u00f3n de {PRODUCT}"}},"product_cat":[22],"product_tag":[],"_links":{"self":[{"href":"https:\/\/proyecto3.cedigital.mx\/index.php\/wp-json\/wp\/v2\/product\/1111"}],"collection":[{"href":"https:\/\/proyecto3.cedigital.mx\/index.php\/wp-json\/wp\/v2\/product"}],"about":[{"href":"https:\/\/proyecto3.cedigital.mx\/index.php\/wp-json\/wp\/v2\/types\/product"}],"replies":[{"embeddable":true,"href":"https:\/\/proyecto3.cedigital.mx\/index.php\/wp-json\/wp\/v2\/comments?post=1111"}],"wp:featuredmedia":[{"embeddable":true,"href":"https:\/\/proyecto3.cedigital.mx\/index.php\/wp-json\/wp\/v2\/media\/1276"}],"wp:attachment":[{"href":"https:\/\/proyecto3.cedigital.mx\/index.php\/wp-json\/wp\/v2\/media?parent=1111"}],"wp:term":[{"taxonomy":"product_cat","embeddable":true,"href":"https:\/\/proyecto3.cedigital.mx\/index.php\/wp-json\/wp\/v2\/product_cat?post=1111"},{"taxonomy":"product_tag","embeddable":true,"href":"https:\/\/proyecto3.cedigital.mx\/index.php\/wp-json\/wp\/v2\/product_tag?post=1111"}],"curies":[{"name":"wp","href":"https:\/\/api.w.org\/{rel}","templated":true}]}}