{"id":1842,"date":"2024-12-27T23:02:13","date_gmt":"2024-12-27T23:02:13","guid":{"rendered":"https:\/\/proyecto3.cedigital.mx\/?post_type=product&#038;p=1842"},"modified":"2025-01-22T19:16:03","modified_gmt":"2025-01-22T19:16:03","slug":"az-ds50","status":"publish","type":"product","link":"https:\/\/proyecto3.cedigital.mx\/index.php\/producto\/az-ds50\/","title":{"rendered":"AZ-DS55"},"content":{"rendered":"<p><small><i>Corte \/ Soldadura \/ Acabado<\/i><\/small><\/p>\n<p><strong>Mandril de l\u00ednea port\u00e1til<\/strong><br \/>\nEquipo port\u00e1til reparar orificios de bujes y pernos; realiza escariado, soldadura y acabado.<\/p>\n<p><strong>Rango de di\u00e1metro: <\/strong>55 &#8211; 160 Mil\u00edmetros<br \/>\n<strong>Opcional:<\/strong> 55 &#8211; 300 mm, 40 &#8211; 160 mm, 40 &#8211; 300 mm<br \/>\n<strong>Di\u00e1metro de barra:<\/strong> 50 * 1,600 Mil\u00edmetros<br \/>\n<strong>Corriente El\u00e9ctrica:<\/strong> 220V 50\/60Hz<br \/>\n<strong>Relaci\u00f3n de Transmisi\u00f3n:<\/strong> 7:5:1<\/p>\n","protected":false},"excerpt":{"rendered":"<p>Corte \/ Soldadura \/ Acabado Mandril de l\u00ednea port\u00e1til Equipo port\u00e1til reparar orificios de bujes y pernos; realiza escariado, soldadura [&hellip;]<\/p>\n","protected":false},"featured_media":2682,"comment_status":"open","ping_status":"closed","template":"","meta":{"site-sidebar-layout":"default","site-content-layout":"","ast-site-content-layout":"default","site-content-style":"default","site-sidebar-style":"default","ast-global-header-display":"","ast-banner-title-visibility":"","ast-main-header-display":"","ast-hfb-above-header-display":"","ast-hfb-below-header-display":"","ast-hfb-mobile-header-display":"","site-post-title":"","ast-breadcrumbs-content":"","ast-featured-img":"","footer-sml-layout":"","theme-transparent-header-meta":"default","adv-header-id-meta":"","stick-header-meta":"","header-above-stick-meta":"","header-main-stick-meta":"","header-below-stick-meta":"","astra-migrate-meta-layouts":"set","ast-page-background-enabled":"default","ast-page-background-meta":{"desktop":{"background-color":"var(--ast-global-color-4)","background-image":"","background-repeat":"repeat","background-position":"center center","background-size":"auto","background-attachment":"scroll","background-type":"","background-media":"","overlay-type":"","overlay-color":"","overlay-opacity":"","overlay-gradient":""},"tablet":{"background-color":"","background-image":"","background-repeat":"repeat","background-position":"center center","background-size":"auto","background-attachment":"scroll","background-type":"","background-media":"","overlay-type":"","overlay-color":"","overlay-opacity":"","overlay-gradient":""},"mobile":{"background-color":"","background-image":"","background-repeat":"repeat","background-position":"center center","background-size":"auto","background-attachment":"scroll","background-type":"","background-media":"","overlay-type":"","overlay-color":"","overlay-opacity":"","overlay-gradient":""}},"ast-content-background-meta":{"desktop":{"background-color":"var(--ast-global-color-5)","background-image":"","background-repeat":"repeat","background-position":"center center","background-size":"auto","background-attachment":"scroll","background-type":"","background-media":"","overlay-type":"","overlay-color":"","overlay-opacity":"","overlay-gradient":""},"tablet":{"background-color":"var(--ast-global-color-5)","background-image":"","background-repeat":"repeat","background-position":"center center","background-size":"auto","background-attachment":"scroll","background-type":"","background-media":"","overlay-type":"","overlay-color":"","overlay-opacity":"","overlay-gradient":""},"mobile":{"background-color":"var(--ast-global-color-5)","background-image":"","background-repeat":"repeat","background-position":"center center","background-size":"auto","background-attachment":"scroll","background-type":"","background-media":"","overlay-type":"","overlay-color":"","overlay-opacity":"","overlay-gradient":""}},"_joinchat":{"message_send":"Hola, me puedes dar m\u00e1s informaci\u00f3n sobre {PRODUCT}"}},"product_cat":[33],"product_tag":[],"_links":{"self":[{"href":"https:\/\/proyecto3.cedigital.mx\/index.php\/wp-json\/wp\/v2\/product\/1842"}],"collection":[{"href":"https:\/\/proyecto3.cedigital.mx\/index.php\/wp-json\/wp\/v2\/product"}],"about":[{"href":"https:\/\/proyecto3.cedigital.mx\/index.php\/wp-json\/wp\/v2\/types\/product"}],"replies":[{"embeddable":true,"href":"https:\/\/proyecto3.cedigital.mx\/index.php\/wp-json\/wp\/v2\/comments?post=1842"}],"wp:featuredmedia":[{"embeddable":true,"href":"https:\/\/proyecto3.cedigital.mx\/index.php\/wp-json\/wp\/v2\/media\/2682"}],"wp:attachment":[{"href":"https:\/\/proyecto3.cedigital.mx\/index.php\/wp-json\/wp\/v2\/media?parent=1842"}],"wp:term":[{"taxonomy":"product_cat","embeddable":true,"href":"https:\/\/proyecto3.cedigital.mx\/index.php\/wp-json\/wp\/v2\/product_cat?post=1842"},{"taxonomy":"product_tag","embeddable":true,"href":"https:\/\/proyecto3.cedigital.mx\/index.php\/wp-json\/wp\/v2\/product_tag?post=1842"}],"curies":[{"name":"wp","href":"https:\/\/api.w.org\/{rel}","templated":true}]}}