{"id":2612,"date":"2025-01-21T22:14:02","date_gmt":"2025-01-21T22:14:02","guid":{"rendered":"https:\/\/proyecto3.cedigital.mx\/?post_type=product&#038;p=2612"},"modified":"2025-01-21T22:17:26","modified_gmt":"2025-01-21T22:17:26","slug":"orange-peel-grapple","status":"publish","type":"product","link":"https:\/\/proyecto3.cedigital.mx\/index.php\/producto\/orange-peel-grapple\/","title":{"rendered":"Orange Peel Grapple"},"content":{"rendered":"<p><strong>GARRA PIEL DE NARANJA \/ GARRA DE CHATARRA DE ACERO <\/p>\n<p><\/strong><\/p>\n<p><span style=\"font-weight: 400;\">Esta garra de mand\u00edbulas m\u00faltiples   est\u00e1 dise\u00f1ada para recoger y mover materiales voluminosos y pesados, como escombros y residuos met\u00e1licos.<\/span><\/p>\n","protected":false},"excerpt":{"rendered":"<p><a href=\"https:\/\/proyecto3.cedigital.mx\/wp-content\/uploads\/2025\/01\/Orange-Peel-Grapple.pdf\" target=\"_blank\" rel=\"noopener\"> <i class=\"fa fa-arrow-circle-down\"><\/i> Descargar ficha t\u00e9cnica<\/a><\/p>\n","protected":false},"featured_media":2613,"comment_status":"open","ping_status":"closed","template":"","meta":{"site-sidebar-layout":"default","site-content-layout":"","ast-site-content-layout":"default","site-content-style":"default","site-sidebar-style":"default","ast-global-header-display":"","ast-banner-title-visibility":"","ast-main-header-display":"","ast-hfb-above-header-display":"","ast-hfb-below-header-display":"","ast-hfb-mobile-header-display":"","site-post-title":"","ast-breadcrumbs-content":"","ast-featured-img":"","footer-sml-layout":"","theme-transparent-header-meta":"default","adv-header-id-meta":"","stick-header-meta":"","header-above-stick-meta":"","header-main-stick-meta":"","header-below-stick-meta":"","astra-migrate-meta-layouts":"set","ast-page-background-enabled":"default","ast-page-background-meta":{"desktop":{"background-color":"var(--ast-global-color-4)","background-image":"","background-repeat":"repeat","background-position":"center center","background-size":"auto","background-attachment":"scroll","background-type":"","background-media":"","overlay-type":"","overlay-color":"","overlay-opacity":"","overlay-gradient":""},"tablet":{"background-color":"","background-image":"","background-repeat":"repeat","background-position":"center center","background-size":"auto","background-attachment":"scroll","background-type":"","background-media":"","overlay-type":"","overlay-color":"","overlay-opacity":"","overlay-gradient":""},"mobile":{"background-color":"","background-image":"","background-repeat":"repeat","background-position":"center center","background-size":"auto","background-attachment":"scroll","background-type":"","background-media":"","overlay-type":"","overlay-color":"","overlay-opacity":"","overlay-gradient":""}},"ast-content-background-meta":{"desktop":{"background-color":"var(--ast-global-color-5)","background-image":"","background-repeat":"repeat","background-position":"center center","background-size":"auto","background-attachment":"scroll","background-type":"","background-media":"","overlay-type":"","overlay-color":"","overlay-opacity":"","overlay-gradient":""},"tablet":{"background-color":"var(--ast-global-color-5)","background-image":"","background-repeat":"repeat","background-position":"center center","background-size":"auto","background-attachment":"scroll","background-type":"","background-media":"","overlay-type":"","overlay-color":"","overlay-opacity":"","overlay-gradient":""},"mobile":{"background-color":"var(--ast-global-color-5)","background-image":"","background-repeat":"repeat","background-position":"center center","background-size":"auto","background-attachment":"scroll","background-type":"","background-media":"","overlay-type":"","overlay-color":"","overlay-opacity":"","overlay-gradient":""}},"_joinchat":{"message_send":"Hola, me puedes dar m\u00e1s informaci\u00f3n sobre {PRODUCT}"}},"product_cat":[34],"product_tag":[],"_links":{"self":[{"href":"https:\/\/proyecto3.cedigital.mx\/index.php\/wp-json\/wp\/v2\/product\/2612"}],"collection":[{"href":"https:\/\/proyecto3.cedigital.mx\/index.php\/wp-json\/wp\/v2\/product"}],"about":[{"href":"https:\/\/proyecto3.cedigital.mx\/index.php\/wp-json\/wp\/v2\/types\/product"}],"replies":[{"embeddable":true,"href":"https:\/\/proyecto3.cedigital.mx\/index.php\/wp-json\/wp\/v2\/comments?post=2612"}],"wp:featuredmedia":[{"embeddable":true,"href":"https:\/\/proyecto3.cedigital.mx\/index.php\/wp-json\/wp\/v2\/media\/2613"}],"wp:attachment":[{"href":"https:\/\/proyecto3.cedigital.mx\/index.php\/wp-json\/wp\/v2\/media?parent=2612"}],"wp:term":[{"taxonomy":"product_cat","embeddable":true,"href":"https:\/\/proyecto3.cedigital.mx\/index.php\/wp-json\/wp\/v2\/product_cat?post=2612"},{"taxonomy":"product_tag","embeddable":true,"href":"https:\/\/proyecto3.cedigital.mx\/index.php\/wp-json\/wp\/v2\/product_tag?post=2612"}],"curies":[{"name":"wp","href":"https:\/\/api.w.org\/{rel}","templated":true}]}}