{"id":842,"date":"2024-12-11T18:25:05","date_gmt":"2024-12-11T18:25:05","guid":{"rendered":"https:\/\/proyecto3.cedigital.mx\/?post_type=product&#038;p=842"},"modified":"2025-01-29T23:33:45","modified_gmt":"2025-01-29T23:33:45","slug":"az-emf024","status":"publish","type":"product","link":"https:\/\/proyecto3.cedigital.mx\/index.php\/producto\/az-emf024\/","title":{"rendered":"Empacadora y envolvedora"},"content":{"rendered":"<p>M\u00e1quina autom\u00e1tica para empacar y envolver ensilado de ma\u00edz y\/o forraje, con malla de hilo de alta resistencia y membrana pl\u00e1stica de sellado herm\u00e9tico que preserva su valor nutricional. El proceso comprende el a masado, formaci\u00f3n y envoltura, con encapsulado de alta densidad que permite la conservaci\u00f3n, mantenimiento y promoci\u00f3n de la fermentaci\u00f3n.<\/p>\n<p><strong>ESPECIFICACIONES<\/strong><br \/>\n<strong>Motor di\u00e9sel:<\/strong> 15 HP +0.55 kW<br \/>\n<strong>Banda transportadora:<\/strong> 1,900 x 650 x 400 mm<br \/>\n<strong>Estructura del mecanismo de recubrimiento:<\/strong> Tipo de brazo en espiral<br \/>\n<strong>Estructura de empacadora:<\/strong> Rodillo fijo con sistema de correa<br \/>\n<strong>Peso total:<\/strong> 826 kg<br \/>\n<strong>Dimensiones:<\/strong> 4,000 x 1,400 x 1,500 mm<\/p>\n<p><strong>PAR\u00c1METROS DE LA PACA<\/strong><br \/>\n<strong>Densidad:<\/strong> 650~800 kg\/m\u00b3 (65%-70% agua)<br \/>\n<strong>Rango de peso:<\/strong> 40-90 kg<br \/>\n<strong>Dimensiones:<\/strong> \u03a6 550 mm x 520 L \u00b1 20 mm<br \/>\n<strong>Capacidad de producci\u00f3n:<\/strong> 45 &#8211; 60 pacas\/hora<\/p>\n","protected":false},"excerpt":{"rendered":"<p><video autoplay loop muted playsinline><source src=\"https:\/\/proyecto3.cedigital.mx\/wp-content\/uploads\/2024\/12\/Empacadora-y-envolvedora-de-forraje-AZ-EMF024.mp4\" type=\"video\/mp4\">Tu navegador no soporta la reproducci\u00f3n de video.<\/video><\/p>\n<p><a href=\"https:\/\/proyecto3.cedigital.mx\/wp-content\/uploads\/2024\/12\/AZ_EMF024_empacadora_envolvedora_forraje.pdf\" target=\"_blank\" rel=\"noopener\"> <i class=\"fa fa-arrow-circle-down\"><\/i> Descargar ficha t\u00e9cnica<\/a><\/p>\n","protected":false},"featured_media":1283,"comment_status":"open","ping_status":"closed","template":"","meta":{"site-sidebar-layout":"default","site-content-layout":"","ast-site-content-layout":"default","site-content-style":"default","site-sidebar-style":"default","ast-global-header-display":"","ast-banner-title-visibility":"","ast-main-header-display":"","ast-hfb-above-header-display":"","ast-hfb-below-header-display":"","ast-hfb-mobile-header-display":"","site-post-title":"","ast-breadcrumbs-content":"","ast-featured-img":"","footer-sml-layout":"","theme-transparent-header-meta":"default","adv-header-id-meta":"","stick-header-meta":"","header-above-stick-meta":"","header-main-stick-meta":"","header-below-stick-meta":"","astra-migrate-meta-layouts":"set","ast-page-background-enabled":"default","ast-page-background-meta":{"desktop":{"background-color":"var(--ast-global-color-4)","background-image":"","background-repeat":"repeat","background-position":"center center","background-size":"auto","background-attachment":"scroll","background-type":"","background-media":"","overlay-type":"","overlay-color":"","overlay-opacity":"","overlay-gradient":""},"tablet":{"background-color":"","background-image":"","background-repeat":"repeat","background-position":"center center","background-size":"auto","background-attachment":"scroll","background-type":"","background-media":"","overlay-type":"","overlay-color":"","overlay-opacity":"","overlay-gradient":""},"mobile":{"background-color":"","background-image":"","background-repeat":"repeat","background-position":"center center","background-size":"auto","background-attachment":"scroll","background-type":"","background-media":"","overlay-type":"","overlay-color":"","overlay-opacity":"","overlay-gradient":""}},"ast-content-background-meta":{"desktop":{"background-color":"var(--ast-global-color-5)","background-image":"","background-repeat":"repeat","background-position":"center center","background-size":"auto","background-attachment":"scroll","background-type":"","background-media":"","overlay-type":"","overlay-color":"","overlay-opacity":"","overlay-gradient":""},"tablet":{"background-color":"var(--ast-global-color-5)","background-image":"","background-repeat":"repeat","background-position":"center center","background-size":"auto","background-attachment":"scroll","background-type":"","background-media":"","overlay-type":"","overlay-color":"","overlay-opacity":"","overlay-gradient":""},"mobile":{"background-color":"var(--ast-global-color-5)","background-image":"","background-repeat":"repeat","background-position":"center center","background-size":"auto","background-attachment":"scroll","background-type":"","background-media":"","overlay-type":"","overlay-color":"","overlay-opacity":"","overlay-gradient":""}},"_joinchat":{"message_send":"\u00a1Hola AZ! Me interesa m\u00e1s informaci\u00f3n de {PRODUCT}"}},"product_cat":[22],"product_tag":[],"_links":{"self":[{"href":"https:\/\/proyecto3.cedigital.mx\/index.php\/wp-json\/wp\/v2\/product\/842"}],"collection":[{"href":"https:\/\/proyecto3.cedigital.mx\/index.php\/wp-json\/wp\/v2\/product"}],"about":[{"href":"https:\/\/proyecto3.cedigital.mx\/index.php\/wp-json\/wp\/v2\/types\/product"}],"replies":[{"embeddable":true,"href":"https:\/\/proyecto3.cedigital.mx\/index.php\/wp-json\/wp\/v2\/comments?post=842"}],"wp:featuredmedia":[{"embeddable":true,"href":"https:\/\/proyecto3.cedigital.mx\/index.php\/wp-json\/wp\/v2\/media\/1283"}],"wp:attachment":[{"href":"https:\/\/proyecto3.cedigital.mx\/index.php\/wp-json\/wp\/v2\/media?parent=842"}],"wp:term":[{"taxonomy":"product_cat","embeddable":true,"href":"https:\/\/proyecto3.cedigital.mx\/index.php\/wp-json\/wp\/v2\/product_cat?post=842"},{"taxonomy":"product_tag","embeddable":true,"href":"https:\/\/proyecto3.cedigital.mx\/index.php\/wp-json\/wp\/v2\/product_tag?post=842"}],"curies":[{"name":"wp","href":"https:\/\/api.w.org\/{rel}","templated":true}]}}